{"id":1118,"date":"2023-06-08T16:59:34","date_gmt":"2023-06-08T13:59:34","guid":{"rendered":"https:\/\/chemx.weblikepro.ro\/?page_id=1118"},"modified":"2024-06-27T14:09:23","modified_gmt":"2024-06-27T11:09:23","slug":"despre-noi","status":"publish","type":"page","link":"https:\/\/chemx.ro\/en\/","title":{"rendered":"About us"},"content":{"rendered":"<h2><a href=\"\/en\/locatie\/#harta\">chemX <span class=\"uk-text-primary\">Rom\u00e2nia<\/span> <\/a><\/h2>\n<div>The partner that offers you complete solutions regarding the production and marketing of technical fluids and liquid detergents for the automotive industry, installations and home maintenance. Our objective is to provide you with a complete range of products and services of superior quality.<\/div>\n<h3><a href=\"\/en\/despre-noi\/\">HISTORY<\/a><\/h3>\n<h3><a href=\"\/en\/misiune\/\">MISSION<\/a><\/h3>\n<h3><a href=\"\/en\/principiile-companiei\/\">PRINCIPLES OF THE COMPANY<\/a><\/h3>\n<div><span class=\"uk-text-primary\">History<\/span><\/div>\n<div>\n<p class=\"translation-block\"><strong>chemX<\/strong> is a company with full Romanian capital, founded in 2012 with the aim of bringing domestically manufactured premium products to the market in Romania and neighboring countries.<\/p>\n<p>The company completed an investment in a new production facility at the end of 2015, after which it began the production and marketing of technical fluids for the automotive and installation industries.<\/p>\n<p>chemX products have been very well received by consumers, and with the help of our specialists, with extensive experience in the field, we manage to diversify and improve the products offered every year.<\/p>\n<p>Encouraged by the extremely positive reaction of the market towards the products from the chemX range, we started work at the beginning of 2021 on a new factory specialized in the production of white label liquid detergents. Thus, in August 2023 we inaugurated the new factory at the highest quality standards. We have invested in machinery and means of production from dedicated, world-renowned manufacturers to be able to offer our partners innovative solutions and constant quality.<\/p>\n<p>We are dedicated to continuous development and we are committed to constantly diversify and improve the quality of the products and services offered by us. The story goes on\u2026<\/p>\n<\/div>\n<p><!--more--><br \/>\n<!-- {\"type\":\"layout\",\"children\":[{\"name\":\"Hero\",\"type\":\"section\",\"props\":{\"animation_delay\":false,\"height\":\"viewport\",\"height_offset_top\":true,\"height_viewport\":80,\"image\":\"wp-content\\\/uploads\\\/2024\\\/06\\\/01.webp\",\"image_fixed\":false,\"image_loading\":true,\"image_position\":\"center-center\",\"image_size\":\"cover\",\"media_overlay\":\"rgba(255, 255, 255, 0)\",\"padding\":\"xsmall\",\"padding_remove_bottom\":false,\"padding_remove_top\":false,\"style\":\"default\",\"title_breakpoint\":\"xl\",\"title_position\":\"top-left\",\"title_rotation\":\"left\",\"vertical_align\":\"middle\",\"width\":\"default\"},\"children\":[{\"type\":\"row\",\"children\":[{\"type\":\"column\",\"props\":{\"image_position\":\"center-center\",\"position_sticky_breakpoint\":\"m\",\"width_medium\":\"1-3\"}},{\"type\":\"column\",\"props\":{\"image_position\":\"center-center\",\"position_sticky\":\"section\",\"position_sticky_breakpoint\":\"m\",\"style\":\"card-default\",\"vertical_align\":\"middle\",\"width_medium\":\"2-3\"},\"children\":[{\"type\":\"headline\",\"props\":{\"content\":\"chemX <span class=\\\"uk-text-primary\\\">Rom\\u00e2nia<\\\/span> \",\"link\":\"locatie\\\/#harta\",\"text_align\":\"left\",\"title_decoration\":\"divider\",\"title_element\":\"h2\",\"title_style\":\"h1\"}},{\"type\":\"text\",\"props\":{\"block_align\":\"center\",\"column_breakpoint\":\"m\",\"content\":\"Partenerul care v\\u0103 ofer\\u0103 solu\\u021bii complete privind produc\\u021bia \\u0219i comercializarea de fluide tehnice \\u0219i detergen\\u021bi lichizi pentru industria auto, a instala\\u021biilor \\u0219i intre\\u021binerea locuin\\u021bei. Obiectivul nostru este acela de a v\\u0103 oferi o gam\\u0103 complet\\u0103 de produse \\u0219i servicii de o calitate superioar\\u0103.\",\"margin\":\"default\",\"text_style\":\"lead\"}}]}],\"props\":{\"layout\":\"1-3,2-3\",\"padding_remove_horizontal\":false}}]},{\"type\":\"section\",\"props\":{\"animation\":\"fade\",\"animation_delay\":\"200\",\"image\":\"wp-content\\\/uploads\\\/home-hero-bg.svg\",\"image_position\":\"center-center\",\"image_size\":\"cover\",\"preserve_color\":false,\"style\":\"default\",\"text_color\":\"dark\",\"title_breakpoint\":\"xl\",\"title_position\":\"top-left\",\"title_rotation\":\"left\",\"vertical_align\":\"\",\"width\":\"default\"},\"children\":[{\"type\":\"row\",\"children\":[{\"type\":\"column\",\"props\":{\"image_position\":\"center-center\",\"position_sticky_breakpoint\":\"m\",\"width_medium\":\"1-3\"},\"children\":[{\"type\":\"headline\",\"props\":{\"content\":\"ISTORIC\",\"link\":\"\\\/despre-noi\",\"margin\":\"small\",\"margin_remove_bottom\":false,\"title_element\":\"h3\"}},{\"type\":\"headline\",\"props\":{\"content\":\"MISIUNE\",\"link\":\"misiune\\\/\",\"margin\":\"small\",\"margin_remove_bottom\":false,\"margin_remove_top\":false,\"title_element\":\"h3\"}},{\"type\":\"headline\",\"props\":{\"content\":\"PRINCIPIILE COMPANIEI\",\"link\":\"principiile-companiei\\\/\",\"margin\":\"small\",\"margin_remove_top\":false,\"title_element\":\"h3\"}}]},{\"type\":\"column\",\"props\":{\"image_position\":\"center-center\",\"position_sticky_breakpoint\":\"m\",\"width_medium\":\"2-3\"},\"children\":[{\"type\":\"headline\",\"props\":{\"content\":\"<span class=\\\"uk-text-primary\\\">Istoric<\\\/span>\",\"maxwidth\":\"2xlarge\",\"position\":\"relative\",\"position_z_index\":\"1\",\"title_decoration\":\"line\",\"title_element\":\"div\",\"title_style\":\"h1\"}},{\"type\":\"text\",\"props\":{\"column_breakpoint\":\"m\",\"content\":\"\n\n<p><strong>chemX <\\\/strong>este o companie cu capital integral rom\\u00e2nesc, fondat\\u0103 \\u00een 2012 cu scopul de a aduce pe pia\\u0163a din Rom\\u00e2nia \\u015fi \\u0163arile \\u00eenvecinate produse premium fabricate autohton.<\\\/p>\\n\n\n<p>Compania a finalizat o investi\\u0163ie \\u00eentr-o facilitate nou\\u0103 de produc\\u0163ie la finalul anului 2015, dup\\u0103 care a \\u00eenceput produc\\u0163ia \\u015fi comercializarea de fluide tehnice pentru industria automotive \\u015fi a instala\\u0163iilor.<\\\/p>\\n\n\n<p>Produsele chemX au fost foarte bine primate de c\\u0103tre consumatori, iar cu ajutorul speciali\\u015ftilor no\\u015ftri, cu o experien\\u0163\\u0103 vast\\u0103 \\u00een domeniu, reu\\u015fim \\u00een fiecare an s\\u0103 diversific\\u0103m \\u015fi s\\u0103 \\u00eembun\\u0103t\\u0103\\u0163im produsele ofertate.<\\\/p>\\n\n\n<p>\\u00cencuraja\\u0163i de reac\\u0163ia extrem de pozitiv\\u0103 a pie\\u0163ei fa\\u0163\\u0103 de produsele din gama chemX am demarat la \\u00eenceputul anului 2021 lucr\\u0103rile la o noua fabric\\u0103 specializat\\u0103 \\u00een produc\\u0163ia de detergen\\u0163i lichizi white label. Astfel, \\u00een August 2023 am inaugurat noua fabric\\u0103 la cele mai \\u00eenalte standarde de calitate. Am investit \\u00een utilaje \\u015fi mijloace de produc\\u0163ie de la produc\\u0103tori consactra\\u0163i, de renume mondial pentru a putea oferi partenerilor no\\u015ftri solu\\u0163ii inovative \\u015fi calitate constant\\u0103.<\\\/p>\\n\n\n<p>Suntem dedica\\u0163i dezvolt\\u0103rii continue \\u015fi ne angaj\\u0103m c\\u0103 vom diversifica \\u015fi \\u00eembun\\u0103t\\u0103\\u0163i constant calitatea produselor \\u015fi serviciilor oferite de c\\u0103tre noi. Povestea merge mai departe\\u2026<\\\/p>\",\"margin\":\"default\"}}]}],\"props\":{\"column_gap\":\"small\",\"divider\":false,\"layout\":\"1-3,2-3\",\"row_gap\":\"small\"}}]}],\"version\":\"4.4.4\"} --><\/p>","protected":false},"excerpt":{"rendered":"<p>chemX Rom\u00e2nia Partenerul care v\u0103 ofer\u0103 solu\u021bii complete privind produc\u021bia \u0219i comercializarea de fluide tehnice \u0219i detergen\u021bi lichizi pentru industria auto, a instala\u021biilor \u0219i intre\u021binerea locuin\u021bei. Obiectivul nostru este acela de a v\u0103 oferi o gam\u0103 complet\u0103 de produse \u0219i servicii de o calitate superioar\u0103. ISTORIC MISIUNE PRINCIPIILE COMPANIEI Istoric chemX este o companie cu [&hellip;]<\/p>","protected":false},"author":1,"featured_media":0,"parent":0,"menu_order":0,"comment_status":"closed","ping_status":"closed","template":"","meta":{"_acf_changed":false,"footnotes":""},"class_list":["post-1118","page","type-page","status-publish","hentry"],"acf":[],"aioseo_notices":[],"_links":{"self":[{"href":"https:\/\/chemx.ro\/en\/wp-json\/wp\/v2\/pages\/1118","targetHints":{"allow":["GET"]}}],"collection":[{"href":"https:\/\/chemx.ro\/en\/wp-json\/wp\/v2\/pages"}],"about":[{"href":"https:\/\/chemx.ro\/en\/wp-json\/wp\/v2\/types\/page"}],"author":[{"embeddable":true,"href":"https:\/\/chemx.ro\/en\/wp-json\/wp\/v2\/users\/1"}],"replies":[{"embeddable":true,"href":"https:\/\/chemx.ro\/en\/wp-json\/wp\/v2\/comments?post=1118"}],"version-history":[{"count":139,"href":"https:\/\/chemx.ro\/en\/wp-json\/wp\/v2\/pages\/1118\/revisions"}],"predecessor-version":[{"id":1963,"href":"https:\/\/chemx.ro\/en\/wp-json\/wp\/v2\/pages\/1118\/revisions\/1963"}],"wp:attachment":[{"href":"https:\/\/chemx.ro\/en\/wp-json\/wp\/v2\/media?parent=1118"}],"curies":[{"name":"wp","href":"https:\/\/api.w.org\/{rel}","templated":true}]}}