{"id":1134,"date":"2023-06-08T17:07:15","date_gmt":"2023-06-08T14:07:15","guid":{"rendered":"https:\/\/chemx.weblikepro.ro\/?page_id=1134"},"modified":"2024-06-27T13:25:13","modified_gmt":"2024-06-27T10:25:13","slug":"termeni-si-conditii","status":"publish","type":"page","link":"https:\/\/chemx.ro\/en\/termeni-si-conditii\/","title":{"rendered":"Terms and conditions"},"content":{"rendered":"<h1>Terms and conditions<\/h1>\n<div>\n<h3>1. General terms<\/h3>\n<p>chemX este denumirea comercial\u0103 a CHEMX LPE S.R.L., persoan\u0103 juridic\u0103 cu sediul \u00een Sat Tarian Com. Girisu De Cris, Str. Mestesugarilor, Nr.18 Tarian, Judet: Bihor, \u00eenregistrat\u0103 la Registrul Comer\u021bului sub num\u0103rul nr. J05\/1416\/2012, av\u00e2nd CUI RO30598365, numit\u0103 \u00een continuare CHEMX LPE S.R.L.<\/p>\n<p>Please read these terms and conditions carefully for the best use of the site. Use of this site implies tacit acceptance of the terms and conditions of use set out below, which represent the agreement (contract) between the parties.<\/p>\n<p class=\"translation-block\">As the author \/ owner \/ administrator of the site www.chemx.ro, CHEMX LPE SRL reserves the right to change and update at any time its content, as well as the Privacy Policy, Terms and conditions of use, without notice prior. Thus, please visit this section periodically to check the terms and conditions that you have agreed to abide by.<\/p>\n<h3>2. Generalities<\/h3>\n<p>The chemx.ro website is wholly owned by CHEMX LPE S.R.L., hereinafter referred to as the owner. Use of this site in any form implies acceptance of these terms, the privacy policy and the cookie policy.<\/p>\n<h3>3. Informations<\/h3>\n<p>All information displayed on this site is provided for general information purposes. The owner cannot be held liable for damages resulting from the use or inability to use this site.<\/p>\n<h3>4. Intelectual property<\/h3>\n<p>Toate drepturile asupra acestui site revin proprietarului, except\u00e2nd cazurile \u00een care este men\u021bionat altceva. Utilizatorii acestui site au dreptul s\u0103 vizualizeze, \u0219i s\u0103 stocheze pentru uz personal informa\u021biile prezentate pe acest site. Este interzis\u0103 folosirea \u00een alte scopuri (ex: copierea \u0219i redistribuirea cu sau f\u0103r\u0103 modific\u0103ri) dec\u00e2t cele men\u021bionate mai sus a oric\u0103ror informa\u021bii prezentate pe acest site, f\u0103r\u0103 acordul scris al proprietarului. Constituie excep\u021bie de la aceast\u0103 regul\u0103 distribuirea pe re\u021bele de socializare acolo unde este posibil din punct de vedere tehnic.<br \/>\nProprietarul nu poate fi considerat r\u0103spunz\u0103tor pentru inacurate\u021bea informa\u021biilor puse la dispozi\u021bie de furnizorii produselor comercializate de c\u0103tre proprietar.<\/p>\n<h3>5. Links to other pages<\/h3>\n<p>This site may contain links to other sites. They may have different policies than those of this site. The owner of this site cannot be held responsible for the use and content of those sites. It is the obligation of users to consult the policy and terms of these sites.<\/p>\n<h3>6. Changes to this page<\/h3>\n<p>Ne rezerv\u0103m dreptul de a modifica ace\u0219ti termeni de utilizare pentru a fi \u00een permanen\u021b\u0103 \u00een concordan\u021b\u0103 cu politica firmei noastre.<br \/>\nUltima actualizare a fost f\u0103cut\u0103 \u00een data de 03.01.2021<\/p>\n<\/div>\n<p><!--more--><br \/>\n<!-- {\"type\":\"layout\",\"children\":[{\"type\":\"section\",\"props\":{\"image_position\":\"center-center\",\"padding\":\"small\",\"style\":\"muted\",\"title_breakpoint\":\"xl\",\"title_position\":\"top-left\",\"title_rotation\":\"left\",\"vertical_align\":\"\",\"width\":\"default\"},\"children\":[{\"type\":\"row\",\"children\":[{\"type\":\"column\",\"props\":{\"image_position\":\"center-center\",\"position_sticky_breakpoint\":\"m\"},\"children\":[{\"type\":\"headline\",\"props\":{\"content\":\"Termeni \\u0219i condi\\u021bii\",\"text_align\":\"center\",\"title_decoration\":\"bullet\",\"title_element\":\"h1\",\"title_font_family\":\"primary\",\"title_style\":\"h1\"}}]}]}]},{\"type\":\"section\",\"props\":{\"animation\":\"slide-bottom-medium\",\"animation_delay\":\"200\",\"image_position\":\"center-center\",\"style\":\"default\",\"title_breakpoint\":\"xl\",\"title_position\":\"top-left\",\"title_rotation\":\"left\",\"vertical_align\":\"\",\"width\":\"default\"},\"children\":[{\"type\":\"row\",\"children\":[{\"type\":\"column\",\"props\":{\"image_position\":\"center-center\",\"position_sticky_breakpoint\":\"m\"},\"children\":[{\"type\":\"text\",\"props\":{\"column\":\"1-2\",\"column_breakpoint\":\"m\",\"content\":\"\n\n<h3>1. Termeni generali<\\\/h3>\\n\n\n<p>chemX este denumirea comercial\\u0103 a CHEMX LPE S.R.L., persoan\\u0103 juridic\\u0103 cu sediul \\u00een Sat Tarian Com. Girisu De Cris, Str. Mestesugarilor, Nr.18 Tarian, Judet: Bihor, \\u00eenregistrat\\u0103 la Registrul Comer\\u021bului sub num\\u0103rul nr. J05\\\/1416\\\/2012, av\\u00e2nd CUI RO30598365, numit\\u0103 \\u00een continuare CHEMX LPE S.R.L.<\\\/p>\\n\n\n<p>Va rug\\u0103m s\\u0103 citi\\u021bi ace\\u0219ti termeni \\u0219i condi\\u021b\\u00eei cu aten\\u021bie pentru folosirea \\u00een cele mai bune condi\\u021bii a site-ului. Utilizarea acestui site implic\\u0103 acceptarea tacit\\u0103 a termenilor \\u0219i a condi\\u021biilor de utilizare prezentate mai jos, care reprezint\\u0103 \\u00een\\u021belegerea (contractul) dintre p\\u0103r\\u021bi.<\\\/p>\\n\n\n<p>\\u00cen calitate de autor\\\/ proprietar\\\/ administrator al site-ului www.chemx.ro, CHEMX LPE S.R.L \\u00ee\\u0219i rezerv\\u0103 dreptul de a schimb\\u0103 \\u0219i actualiza \\u00een orice moment con\\u021binutul acestuia, precum \\u0219i <a href=\\\"\\\/politica-de-confidentialitate\\\/\\\">Politica de confiden\\u021bialitate<\\\/a>, Termenii \\u0219i condi\\u021biile de folosire, f\\u0103r\\u0103 o notificare prealabil\\u0103. Astfel, va rug\\u0103m s\\u0103 vizita\\u021bi periodic aceast\\u0103 sec\\u021biune pentru a verific\\u0103 termenii \\u0219i condi\\u021biile pe care a\\u021bi agreat s\\u0103 le respecta\\u021bi.<\\\/p>\\n\\n\n\n<h3>2. Generalit\\u0103\\u021bi<\\\/h3>\\n\n\n<p>Site-ul chemx.ro este integral proprietatea a entitatii CHEMX LPE S.R.L.denumit \\u00een continuare proprietar. Utilizarea sub orice form\\u0103 a acestui site presupune acceptarea acestor termeni, a politicii de confidentialitate si a politicii de cookie.<\\\/p>\\n\\n\n\n<h3>3. Informa\\u021bii<\\\/h3>\\n\n\n<p>Toate informa\\u021biile afi\\u0219ate pe acest site sunt furnizate cu scopul de informare general\\u0103. Proprietarul nu poate fi considerat r\\u0103spunz\\u0103tor pentru daune rezultate din utilizarea sau din imposibilitatea de a utiliza acest site.<\\\/p>\\n\\n\n\n<h3>4. Proprietate intelectual\\u0103<\\\/h3>\\n\n\n<p>Toate drepturile asupra acestui site revin proprietarului, except\\u00e2nd cazurile \\u00een care este men\\u021bionat altceva. Utilizatorii acestui site au dreptul s\\u0103 vizualizeze, \\u0219i s\\u0103 stocheze pentru uz personal informa\\u021biile prezentate pe acest site. Este interzis\\u0103 folosirea \\u00een alte scopuri (ex: copierea \\u0219i redistribuirea cu sau f\\u0103r\\u0103 modific\\u0103ri) dec\\u00e2t cele men\\u021bionate mai sus a oric\\u0103ror informa\\u021bii prezentate pe acest site, f\\u0103r\\u0103 acordul scris al proprietarului. Constituie excep\\u021bie de la aceast\\u0103 regul\\u0103 distribuirea pe re\\u021bele de socializare acolo unde este posibil din punct de vedere tehnic.\\nProprietarul nu poate fi considerat r\\u0103spunz\\u0103tor pentru inacurate\\u021bea informa\\u021biilor puse la dispozi\\u021bie de furnizorii produselor comercializate de c\\u0103tre proprietar.<\\\/p>\\n\\n\n\n<h3>5. Leg\\u0103turi c\\u0103tre alte pagini<\\\/h3>\\n\n\n<p>Acest site poate con\\u021bine leg\\u0103turi (link-uri) c\\u0103tre alte site-uri. Acestea pot avea politici diferite de cele ale acestui site. Proprietarul acestui site nu poate fi considerat r\\u0103spunz\\u0103tor pentru utilizarea \\u0219i con\\u021binutul respectivelor site-uri. Este obliga\\u021bia utilizatorilor s\\u0103 consulte politica \\u0219i termenii acestor site-uri.<\\\/p>\\n\\n\n\n<h3>6. Modific\\u0103ri la aceast\\u0103 pagin\\u0103<\\\/h3>\\n\n\n<p>Ne rezerv\\u0103m dreptul de a modifica ace\\u0219ti termeni de utilizare pentru a fi \\u00een permanen\\u021b\\u0103 \\u00een concordan\\u021b\\u0103 cu politica firmei noastre.\\nUltima actualizare a fost f\\u0103cut\\u0103 \\u00een data de 03.01.2021<\\\/p>\",\"margin\":\"medium\"}}]}]}]}],\"version\":\"4.4.4\"} --><\/p>","protected":false},"excerpt":{"rendered":"<p>Termeni \u0219i condi\u021bii 1. Termeni generali chemX este denumirea comercial\u0103 a CHEMX LPE S.R.L., persoan\u0103 juridic\u0103 cu sediul \u00een Sat Tarian Com. Girisu De Cris, Str. Mestesugarilor, Nr.18 Tarian, Judet: Bihor, \u00eenregistrat\u0103 la Registrul Comer\u021bului sub num\u0103rul nr. J05\/1416\/2012, av\u00e2nd CUI RO30598365, numit\u0103 \u00een continuare CHEMX LPE S.R.L. Va rug\u0103m s\u0103 citi\u021bi ace\u0219ti termeni \u0219i [&hellip;]<\/p>","protected":false},"author":1,"featured_media":0,"parent":0,"menu_order":0,"comment_status":"closed","ping_status":"closed","template":"","meta":{"_acf_changed":false,"footnotes":""},"class_list":["post-1134","page","type-page","status-publish","hentry"],"acf":[],"aioseo_notices":[],"_links":{"self":[{"href":"https:\/\/chemx.ro\/en\/wp-json\/wp\/v2\/pages\/1134","targetHints":{"allow":["GET"]}}],"collection":[{"href":"https:\/\/chemx.ro\/en\/wp-json\/wp\/v2\/pages"}],"about":[{"href":"https:\/\/chemx.ro\/en\/wp-json\/wp\/v2\/types\/page"}],"author":[{"embeddable":true,"href":"https:\/\/chemx.ro\/en\/wp-json\/wp\/v2\/users\/1"}],"replies":[{"embeddable":true,"href":"https:\/\/chemx.ro\/en\/wp-json\/wp\/v2\/comments?post=1134"}],"version-history":[{"count":8,"href":"https:\/\/chemx.ro\/en\/wp-json\/wp\/v2\/pages\/1134\/revisions"}],"predecessor-version":[{"id":1966,"href":"https:\/\/chemx.ro\/en\/wp-json\/wp\/v2\/pages\/1134\/revisions\/1966"}],"wp:attachment":[{"href":"https:\/\/chemx.ro\/en\/wp-json\/wp\/v2\/media?parent=1134"}],"curies":[{"name":"wp","href":"https:\/\/api.w.org\/{rel}","templated":true}]}}