{"id":1574,"date":"2023-07-07T10:25:55","date_gmt":"2023-07-07T07:25:55","guid":{"rendered":"https:\/\/chemx.weblikepro.ro\/?page_id=1574"},"modified":"2023-07-20T08:45:05","modified_gmt":"2023-07-20T05:45:05","slug":"locatie","status":"publish","type":"page","link":"https:\/\/chemx.ro\/en\/locatie\/","title":{"rendered":"Location"},"content":{"rendered":"<h2><a href=\"\/en\/locatie\/#harta\"><span style=\"color: white;\">Location<\/span> <span class=\"uk-text-primary\">of Our Company <span uk-icon=\"icon: arrow-down; ratio: 2.2\"><\/span><\/span> <\/a><\/h2>\n<div>Un important avantaj competitiv al nostru este pozi\u0163ionarea strategic\u0103 foarte bun\u0103 pentru a deservi majoritatea pie\u0163elor din Europa Central\u0103.<br \/>\nSuntem conecta\u0163i la re\u0163eaua European\u0103 de autostr\u0103zi, astfel putem distribui prompt produsele \u00een aceasta regiune economic\u0103 foarte important\u0103.<br \/>\nDeasemenea, avem acces la furnizori de materii prime din \u0163\u0103rile \u00eenvecinate cu costuri de transport foarte reduse. Un avantaj foarte mare deoarece ne permite s\u0103 ne select\u0103m cu aten\u0163ie furnizorii \u015fi s\u0103 putem oferi clien\u0163ilor no\u015ftri un raport calitate\/pre\u0163 f\u0103r\u0103 concuren\u0163\u0103.\n<\/div>\n<div class=\"translation-block\"><span><span class=\"uk-text-primary\">Location<\/span> Map<\/span><\/div>\n<div>\n<p>47.0771,21.7881<\/p>\n<p><img decoding=\"async\" src=\"\/wp-content\/uploads\/2023\/07\/harta-10.png\" alt=\"Pin Harta ChemX Rom\u00e2nia\"><\/p>\n<h3>ChemX<\/h3>\n<\/div>\n<p><!--more--><br \/>\n<!-- {\"type\":\"layout\",\"children\":[{\"name\":\"Hero\",\"type\":\"section\",\"props\":{\"animation_delay\":false,\"image\":\"wp-content\\\/uploads\\\/2023\\\/06\\\/8888.jpg\",\"image_fixed\":false,\"image_loading\":true,\"image_position\":\"center-center\",\"image_size\":\"cover\",\"media_overlay\":\"rgba(255, 255, 255, 0.41)\",\"padding\":\"xlarge\",\"padding_remove_bottom\":false,\"padding_remove_top\":false,\"style\":\"default\",\"text_color\":\"light\",\"title_breakpoint\":\"xl\",\"title_position\":\"top-left\",\"title_rotation\":\"left\",\"vertical_align\":\"middle\",\"width\":\"default\"},\"children\":[{\"type\":\"row\",\"children\":[{\"type\":\"column\",\"props\":{\"image_position\":\"center-center\",\"position_sticky_breakpoint\":\"m\",\"width_medium\":\"1-1\"}}]}]},{\"type\":\"section\",\"props\":{\"animation\":\"fade\",\"animation_delay\":\"200\",\"image\":\"wp-content\\\/uploads\\\/home-hero-bg.svg\",\"image_position\":\"center-center\",\"image_size\":\"cover\",\"preserve_color\":false,\"style\":\"secondary\",\"text_color\":\"dark\",\"title_breakpoint\":\"xl\",\"title_position\":\"top-left\",\"title_rotation\":\"left\",\"vertical_align\":\"middle\",\"width\":\"default\"},\"children\":[{\"type\":\"row\",\"children\":[{\"type\":\"column\",\"props\":{\"image_position\":\"center-center\",\"position_sticky_breakpoint\":\"m\",\"width_medium\":\"1-1\"},\"children\":[{\"type\":\"headline\",\"props\":{\"content\":\"<span style=\\\"color: white;\\\">Loca\\u021bia<\\\/span> <span class=\\\"uk-text-primary\\\">Noastr\\u0103 <span uk-icon=\\\"icon: arrow-down; ratio: 2.2\\\"><\\\/span><\\\/span> \",\"link\":\"locatie\\\/#harta\",\"text_align\":\"left\",\"title_color\":\"success\",\"title_decoration\":\"divider\",\"title_element\":\"h2\",\"title_style\":\"heading-small\"}},{\"type\":\"text\",\"props\":{\"block_align\":\"center\",\"column_breakpoint\":\"m\",\"content\":\"Un important avantaj competitiv al nostru este pozi\\u0163ionarea strategic\\u0103 foarte bun\\u0103 pentru a deservi majoritatea pie\\u0163elor din Europa Central\\u0103.\\nSuntem conecta\\u0163i la re\\u0163eaua European\\u0103 de autostr\\u0103zi, astfel putem distribui prompt produsele \\u00een aceasta regiune economic\\u0103 foarte important\\u0103.\\nDeasemenea, avem acces la furnizori de materii prime din \\u0163\\u0103rile \\u00eenvecinate cu costuri de transport foarte reduse. Un avantaj foarte mare deoarece ne permite s\\u0103 ne select\\u0103m cu aten\\u0163ie furnizorii \\u015fi s\\u0103 putem oferi clien\\u0163ilor no\\u015ftri un raport calitate\\\/pre\\u0163 f\\u0103r\\u0103 concuren\\u0163\\u0103.\\n\",\"margin\":\"default\",\"text_color\":\"muted\",\"text_style\":\"lead\"}}]}]}]},{\"type\":\"section\",\"props\":{\"animation\":\"fade\",\"animation_delay\":\"200\",\"id\":\"harta\",\"image\":\"wp-content\\\/uploads\\\/home-hero-bg.svg\",\"image_position\":\"center-center\",\"image_size\":\"cover\",\"preserve_color\":false,\"style\":\"default\",\"text_color\":\"dark\",\"title_breakpoint\":\"xl\",\"title_position\":\"top-left\",\"title_rotation\":\"left\",\"vertical_align\":\"middle\",\"width\":\"default\"},\"children\":[{\"type\":\"row\",\"children\":[{\"type\":\"column\",\"props\":{\"image_position\":\"center-center\",\"padding\":\"small\",\"position_sticky_breakpoint\":\"m\",\"style\":\"tile-muted\",\"width_medium\":\"1-1\"},\"children\":[{\"type\":\"headline\",\"props\":{\"block_align\":\"center\",\"content\":\"<span class=\\\"uk-text-primary\\\">Hart\\u0103<\\\/span> Loca\\u021biei\",\"margin\":\"small\",\"maxwidth\":\"large\",\"text_align\":\"center\",\"title_decoration\":\"line\",\"title_element\":\"div\",\"title_style\":\"h2\"}}]}]},{\"type\":\"row\",\"children\":[{\"type\":\"column\",\"props\":{\"image_position\":\"center-center\",\"padding\":\"small\",\"position_sticky_breakpoint\":\"m\",\"width_medium\":\"1-1\"},\"children\":[{\"type\":\"map\",\"props\":{\"controls\":true,\"dragging\":false,\"height\":\"645\",\"image_svg_color\":\"emphasis\",\"link_style\":\"default\",\"link_text\":\"Read more\",\"margin\":\"default\",\"marker_icon_height\":\"50\",\"marker_icon_width\":\"50\",\"max_zoom\":18,\"meta_align\":\"below-title\",\"meta_element\":\"div\",\"meta_style\":\"text-meta\",\"min_zoom\":0,\"poi\":false,\"show_content\":true,\"show_image\":true,\"show_link\":true,\"show_meta\":true,\"show_title\":false,\"styler_lightness\":\"50\",\"styler_saturation\":\"-100\",\"title_element\":\"h3\",\"title_hover_style\":\"reset\",\"type\":\"roadmap\",\"width\":\"500\",\"width_breakpoint\":true,\"zoom\":\"6\",\"zooming\":false},\"children\":[{\"type\":\"map_item\",\"props\":{\"hide\":false,\"image\":\"wp-content\\\/uploads\\\/2023\\\/07\\\/harta-10.png\",\"image_alt\":\"Pin Harta ChemX Rom\\u00e2nia\",\"location\":\"47.0771,21.7881\",\"marker_icon_height\":\"60\",\"marker_icon_width\":\"60\",\"show_popup\":false,\"title\":\"ChemX\"}}],\"name\":\"Harta\"}]}]}]}],\"version\":\"4.0.7\"} --><\/p>","protected":false},"excerpt":{"rendered":"<p>Loca\u021bia Noastr\u0103 Un important avantaj competitiv al nostru este pozi\u0163ionarea strategic\u0103 foarte bun\u0103 pentru a deservi majoritatea pie\u0163elor din Europa Central\u0103. Suntem conecta\u0163i la re\u0163eaua European\u0103 de autostr\u0103zi, astfel putem distribui prompt produsele \u00een aceasta regiune economic\u0103 foarte important\u0103. Deasemenea, avem acces la furnizori de materii prime din \u0163\u0103rile \u00eenvecinate cu costuri de transport foarte [&hellip;]<\/p>","protected":false},"author":1,"featured_media":0,"parent":0,"menu_order":0,"comment_status":"closed","ping_status":"closed","template":"","meta":{"_acf_changed":false,"footnotes":""},"class_list":["post-1574","page","type-page","status-publish","hentry"],"acf":[],"aioseo_notices":[],"_links":{"self":[{"href":"https:\/\/chemx.ro\/en\/wp-json\/wp\/v2\/pages\/1574","targetHints":{"allow":["GET"]}}],"collection":[{"href":"https:\/\/chemx.ro\/en\/wp-json\/wp\/v2\/pages"}],"about":[{"href":"https:\/\/chemx.ro\/en\/wp-json\/wp\/v2\/types\/page"}],"author":[{"embeddable":true,"href":"https:\/\/chemx.ro\/en\/wp-json\/wp\/v2\/users\/1"}],"replies":[{"embeddable":true,"href":"https:\/\/chemx.ro\/en\/wp-json\/wp\/v2\/comments?post=1574"}],"version-history":[{"count":22,"href":"https:\/\/chemx.ro\/en\/wp-json\/wp\/v2\/pages\/1574\/revisions"}],"predecessor-version":[{"id":1758,"href":"https:\/\/chemx.ro\/en\/wp-json\/wp\/v2\/pages\/1574\/revisions\/1758"}],"wp:attachment":[{"href":"https:\/\/chemx.ro\/en\/wp-json\/wp\/v2\/media?parent=1574"}],"curies":[{"name":"wp","href":"https:\/\/api.w.org\/{rel}","templated":true}]}}