{"id":1577,"date":"2023-07-07T10:27:38","date_gmt":"2023-07-07T07:27:38","guid":{"rendered":"https:\/\/chemx.weblikepro.ro\/?page_id=1577"},"modified":"2023-07-07T15:25:27","modified_gmt":"2023-07-07T12:25:27","slug":"cariera","status":"publish","type":"page","link":"https:\/\/chemx.ro\/en\/cariera\/","title":{"rendered":"Career"},"content":{"rendered":"<h1>Career<\/h1>\n<p><img decoding=\"async\" src=\"\/wp-content\/uploads\/2023\/07\/01.webp\" alt=\"Cariere\"><\/p>\n<div><a href=\"\/en\/cariera\/#cariera\">Your application <span uk-icon=\"icon: arrow-down\"><\/span><\/a><\/div>\n<h2>Join the Team<br class=\"uk-visible@m\"><br \/>\n<\/h2>\n<div>\n<p class=\"translation-block\">If you are a dynamic, positive person and willing to develop with us, we are waiting for you in our family. Send your request, along with your CV, to <a href=\"mailto:office@chemx.ro\" target=\"_blank\" rel=\"noopener\">office@chemx.ro<\/a> or by filling out the form below.<\/p>\n<\/div>\n<div><a href=\"\/en\/cariera\/#cariera\">Send us your CV <span uk-icon=\"icon: file-text\"><\/span><\/a><\/div>\n<h2>Career form<\/h2>\n<div><div class=\"forminator-ui forminator-custom-form forminator-custom-form-1683 forminator-design--material  forminator_ajax\" data-forminator-render=\"0\" data-form=\"forminator-module-1683\" data-uid=\"69e0bd3a22c86\"><br\/><\/div><form\n\t\t\t\tid=\"forminator-module-1683\"\n\t\t\t\tclass=\"forminator-ui forminator-custom-form forminator-custom-form-1683 forminator-design--material  forminator_ajax\"\n\t\t\t\tmethod=\"post\"\n\t\t\t\tdata-forminator-render=\"0\"\n\t\t\t\tdata-form-id=\"1683\"\n\t\t\t\tenctype=\"multipart\/form-data\" data-color-option=\"default\" data-design=\"material\" data-grid=\"open\" style=\"display: none;\"\n\t\t\t\tdata-uid=\"69e0bd3a22c86\" action=\"\"\n\t\t\t><div role=\"alert\" aria-live=\"polite\" class=\"forminator-response-message forminator-error\" aria-hidden=\"true\"><\/div><div class=\"forminator-row\"><div id=\"name-1\" class=\"forminator-field-name forminator-col forminator-col-6\"><div class=\"forminator-field\"><label for=\"forminator-field-name-1_69e0bd3a22c86\" id=\"forminator-field-name-1_69e0bd3a22c86-label\" class=\"forminator-label\">Last Name: <span class=\"forminator-required\">*<\/span><\/label><input type=\"text\" name=\"name-1\" value=\"\" placeholder=\"\" id=\"forminator-field-name-1_69e0bd3a22c86\" class=\"forminator-input forminator-name--field\" aria-required=\"true\" autocomplete=\"name\" \/><\/div><\/div><div id=\"name-2\" class=\"forminator-field-name forminator-col forminator-col-6\"><div class=\"forminator-field\"><label for=\"forminator-field-name-2_69e0bd3a22c86\" id=\"forminator-field-name-2_69e0bd3a22c86-label\" class=\"forminator-label\">First Name: <span class=\"forminator-required\">*<\/span><\/label><input type=\"text\" name=\"name-2\" value=\"\" placeholder=\"\" id=\"forminator-field-name-2_69e0bd3a22c86\" class=\"forminator-input forminator-name--field\" aria-required=\"true\" autocomplete=\"name\" \/><\/div><\/div><\/div><div class=\"forminator-row\"><div id=\"email-1\" class=\"forminator-field-email forminator-col forminator-col-6\"><div class=\"forminator-field\"><label for=\"forminator-field-email-1_69e0bd3a22c86\" id=\"forminator-field-email-1_69e0bd3a22c86-label\" class=\"forminator-label\">Email: <span class=\"forminator-required\">*<\/span><\/label><input type=\"email\" name=\"email-1\" value=\"\" placeholder=\"\" id=\"forminator-field-email-1_69e0bd3a22c86\" class=\"forminator-input forminator-email--field\" data-required=\"true\" aria-required=\"true\" autocomplete=\"email\" \/><\/div><\/div><div id=\"phone-2\" class=\"forminator-field-phone forminator-col forminator-col-6\"><div class=\"forminator-field\"><label for=\"forminator-field-phone-2_69e0bd3a22c86\" id=\"forminator-field-phone-2_69e0bd3a22c86-label\" class=\"forminator-label\">Phone Number: <span class=\"forminator-required\">*<\/span><\/label><input type=\"text\" name=\"phone-2\" value=\"\" placeholder=\"\" id=\"forminator-field-phone-2_69e0bd3a22c86\" class=\"forminator-input forminator-field--phone\" data-required=\"1\" aria-required=\"true\" autocomplete=\"off\" data-validation=\"1\" \/><\/div><\/div><\/div><div class=\"forminator-row\"><div id=\"upload-1\" class=\"forminator-field-upload forminator-col forminator-col-12\"><div class=\"forminator-field\"><label for=\"forminator-field-upload-1_69e0bd3a22c86\" id=\"forminator-field-upload-1_69e0bd3a22c86-label\" class=\"forminator-label\">Upload CV <span class=\"forminator-required\">*<\/span><\/label><div class=\"forminator-file-upload\" data-element=\"upload-1_69e0bd3a22c86\"><input type=\"file\" name=\"upload-1\" id=\"forminator-field-upload-1_69e0bd3a22c86\" class=\"forminator-input-file-required do-validate\" accept=\".jpg,.jpeg,.jpe,.gif,.png,.bmp,.tiff,.tif,.webp,.ico,.heic,.asf,.asx,.wmv,.wmx,.wm,.avi,.divx,.flv,.mov,.qt,.mpeg,.mpg,.mpe,.mp4,.m4v,.ogv,.webm,.mkv,.3gp,.3gpp,.3g2,.3gp2,.txt,.asc,.c,.cc,.h,.srt,.csv,.tsv,.ics,.rtx,.vtt,.mp3,.m4a,.m4b,.aac,.ra,.ram,.wav,.ogg,.oga,.flac,.mid,.midi,.wma,.wax,.mka,.rtf,.pdf,.class,.tar,.zip,.gz,.gzip,.7z,.psd,.xcf,.doc,.pot,.pps,.ppt,.wri,.xla,.xls,.xlt,.xlw,.mdb,.mpp,.docx,.docm,.dotx,.dotm,.xlsx,.xlsm,.xlsb,.xltx,.xltm,.xlam,.pptx,.pptm,.ppsx,.ppsm,.potx,.potm,.ppam,.sldx,.sldm,.onetoc,.onetoc2,.onetmp,.onepkg,.oxps,.xps,.odt,.odp,.ods,.odg,.odc,.odb,.odf,.wp,.wpd,.key,.numbers,.pages,.woff,.woff2,.ttf,.eot,.otf,.svgz,.svg,.svgz\" tabindex=\"-1\"><button id=\"forminator-field-upload-1_69e0bd3a22c86_button\" class=\"forminator-button forminator-button-upload\" data-id=\"forminator-field-upload-1_69e0bd3a22c86\">Choose File<\/button><span data-empty-text=\"No file chosen\">No file chosen<\/span><button class=\"forminator-button-delete\" style=\"display: none;\"><i class=\"forminator-icon-close\" aria-hidden=\"true\"><\/i><span class=\"forminator-screen-reader-only\">Delete uploaded file<\/span><\/button><\/div><\/div><\/div><\/div><div class=\"forminator-row\"><div id=\"textarea-1\" class=\"forminator-field-textarea forminator-col forminator-col-12\"><div class=\"forminator-field\"><label for=\"forminator-field-textarea-1_69e0bd3a22c86\" id=\"forminator-field-textarea-1_69e0bd3a22c86-label\" class=\"forminator-label\">Your Message <span class=\"forminator-required\">*<\/span><\/label><textarea name=\"textarea-1\" placeholder=\"\" id=\"forminator-field-textarea-1_69e0bd3a22c86\" class=\"forminator-textarea\" rows=\"6\" style=\"min-height:140px;\" ><\/textarea><\/div><\/div><\/div><div class=\"forminator-row\"><div id=\"consent-1\" class=\"forminator-field-consent forminator-col forminator-col-12\"><div class=\"forminator-field\"><div class=\"forminator-checkbox__wrapper\"><label id=\"forminator-field-consent-1_69e0bd3a22c86__label\" class=\"forminator-checkbox forminator-consent\" aria-labelledby=\"forminator-field-consent-1_69e0bd3a22c86-label\"><input type=\"checkbox\" name=\"consent-1\" id=\"forminator-field-consent-1_69e0bd3a22c86\" value=\"checked\" aria-labelledby=\"forminator-field-consent-1_69e0bd3a22c86-label\" aria-describedby=\"forminator-field-consent-1_69e0bd3a22c86__description\" data-required=\"true\" aria-required=\"true\" \/><span class=\"forminator-checkbox-box\" aria-hidden=\"true\"><\/span><\/label><div id=\"forminator-field-consent-1_69e0bd3a22c86__description\" class=\"forminator-checkbox__label forminator-consent__label\"><p>I agree with <a title=\"Terms and conditions\" href=\"\/en\/termeni-si-conditii\/\" target=\"_blank\" rel=\"noopener\">Terms and conditions<\/a> of the website.<\/p><\/div><\/div><\/div><\/div><\/div><div class=\"forminator-row\"><div id=\"captcha-1\" class=\"forminator-field-captcha forminator-col forminator-col-12\"><div class=\"forminator-captcha-left forminator-g-recaptcha\" data-theme=\"light\"  data-sitekey=\"6LehfgIqAAAAAP7DDAWEDJ3g-EB-NF6-DJGeQeWM\" data-size=\"normal\"><\/div> <\/div><\/div><input type=\"hidden\" name=\"referer_url\" value=\"\" \/><script src=\"https:\/\/challenges.cloudflare.com\/turnstile\/v0\/api.js?render=explicit&amp;ver=6.9.4\" id=\"cfturnstile-js\"><\/script>\n<style>#cf-turnstile-fmntr-1683 { margin-left: 0px !important; }<\/style>\t\t<div id=\"cf-turnstile-fmntr-1683\"\r\n\t\tclass=\"cf-turnstile\" \t\tdata-sitekey=\"0x4AAAAAACIA8ztOHR4YDpcv\"\r\n\t\tdata-theme=\"light\"\r\n\t\tdata-language=\"auto\"\r\n\t\tdata-size=\"normal\"\r\n\t\tdata-retry=\"auto\" data-retry-interval=\"1000\"\r\n\t\tdata-action=\"forminator-form-1683\"\r\n\t\t\t\tdata-appearance=\"always\"><\/div>\r\n\t\t\t<script>document.addEventListener(\"DOMContentLoaded\", function() { setTimeout(function(){ var e=document.getElementById(\"cf-turnstile-fmntr-1683\"); e&&!e.innerHTML.trim()&&(turnstile.remove(\"#cf-turnstile-fmntr-1683\"), turnstile.render(\"#cf-turnstile-fmntr-1683\", {sitekey:\"0x4AAAAAACIA8ztOHR4YDpcv\"})); }, 0); });<\/script>\r\n\t\t\t<br class=\"cf-turnstile-br cf-turnstile-br-fmntr-1683\">\r\n\t\t\t\t<style>#cf-turnstile-fmntr-1683 { margin-left: -15px; }<\/style>\r\n\t\t            <script>\r\n            \/\/ On ajax.complete run turnstile.render if element is empty\r\n            jQuery(document).ajaxComplete(function() {\r\n                setTimeout(function() {\r\n                    if (document.getElementById('cf-turnstile-fmntr-1683')) {\r\n                        if(!document.getElementById('cf-turnstile-fmntr-1683').innerHTML.trim()) {\r\n                                turnstile.remove('#cf-turnstile-fmntr-1683');\r\n                                turnstile.render('#cf-turnstile-fmntr-1683');\r\n                        }\r\n                    }\r\n                }, 1000);\r\n            });\r\n            \/\/ Enable Submit Button Function\r\n            function turnstileForminatorCallback() {\r\n                document.querySelectorAll('.forminator-button, .forminator-button-submit').forEach(function(el) {\r\n                    el.style.pointerEvents = 'auto';\r\n                    el.style.opacity = '1';\r\n                });\r\n            }\r\n            \/\/ On submit re-render\r\n            jQuery(document).ready(function() {\r\n                jQuery('.forminator-custom-form').on('submit', function() {\r\n                    if(document.getElementById('cf-turnstile-fmntr-1683')) {\r\n                        setTimeout(function() {\r\n                            turnstile.remove('#cf-turnstile-fmntr-1683');\r\n                            turnstile.render('#cf-turnstile-fmntr-1683');\r\n                        }, 1000);\r\n                    }\r\n                });\r\n            });\r\n            <\/script>\r\n            <div class=\"forminator-row forminator-row-last\"><div class=\"forminator-col\"><div class=\"forminator-field\"><button class=\"forminator-button forminator-button-submit\"><span>SEND<\/span><span aria-hidden=\"true\"><\/span><\/button><\/div><\/div><\/div><input type=\"hidden\" id=\"forminator_nonce\" name=\"forminator_nonce\" value=\"baad897a11\" \/><input type=\"hidden\" name=\"_wp_http_referer\" value=\"\/en\/wp-json\/wp\/v2\/pages\/1577\" \/><input type=\"hidden\" name=\"form_id\" value=\"1683\"><input type=\"hidden\" name=\"page_id\" value=\"1577\"><input type=\"hidden\" name=\"form_type\" value=\"default\"><input type=\"hidden\" name=\"current_url\" value=\"https:\/\/chemx.ro\/en\/cariera\/\"><input type=\"hidden\" name=\"render_id\" value=\"0\"><input type=\"hidden\" name=\"action\" value=\"forminator_submit_form_custom-forms\"><input type=\"hidden\" name=\"trp-form-language\" value=\"en\"\/><\/form><\/div>\n<p><!--more--><br \/>\n<!-- {\"type\":\"layout\",\"children\":[{\"type\":\"section\",\"props\":{\"animation\":\"fade\",\"image\":\"wp-content\\\/uploads\\\/home-hero-bg.svg\",\"image_position\":\"center-center\",\"padding_remove_bottom\":false,\"style\":\"default\",\"title_breakpoint\":\"xl\",\"title_position\":\"top-left\",\"title_rotation\":\"left\",\"vertical_align\":\"middle\",\"width\":\"\"},\"children\":[{\"type\":\"row\",\"children\":[{\"type\":\"column\",\"props\":{\"image_position\":\"center-center\",\"position_sticky_breakpoint\":\"m\"},\"children\":[{\"type\":\"headline\",\"props\":{\"animation\":\"none\",\"content\":\"Carier\\u0103\",\"text_align\":\"left\",\"title_decoration\":\"divider\",\"title_element\":\"h1\",\"title_style\":\"heading-small\"}}]}],\"props\":{\"margin_remove_top\":true,\"width\":\"large\"}},{\"type\":\"row\",\"props\":{\"column_gap\":\"large\",\"layout\":\"2-3,1-3\",\"margin\":\"large\",\"width\":\"large\"},\"children\":[{\"type\":\"column\",\"props\":{\"image_position\":\"center-center\",\"position_sticky_breakpoint\":\"m\",\"width_medium\":\"2-3\"},\"children\":[{\"type\":\"image\",\"props\":{\"animation\":\"parallax\",\"image\":\"wp-content\\\/uploads\\\/2023\\\/07\\\/01.webp\",\"image_alt\":\"Cariere\",\"image_box_decoration\":\"mask\",\"image_loading\":true,\"image_svg_color\":\"emphasis\",\"image_width\":\"910\",\"margin\":\"default\",\"parallax_y\":\"65\"}}]},{\"type\":\"column\",\"props\":{\"image_position\":\"center-center\",\"position_sticky_breakpoint\":\"m\",\"vertical_align\":\"middle\",\"width_medium\":\"1-3\"},\"children\":[{\"type\":\"headline\",\"props\":{\"animation\":\"slide-top-small\",\"content\":\"Aplica\\u021bia ta <span uk-icon=\\\"icon: arrow-down\\\"><\\\/span>\",\"link\":\"\\\/cariera\\\/#cariera\",\"margin\":\"small\",\"margin_remove_top\":false,\"title_color\":\"primary\",\"title_element\":\"div\",\"title_style\":\"h6\"}},{\"type\":\"headline\",\"props\":{\"content\":\"Al\\u0103tur\\u0103-te Echipei<br class=\\\"uk-visible@m\\\">\\n\",\"margin\":\"default\",\"title_element\":\"h2\"}},{\"type\":\"text\",\"props\":{\"column_breakpoint\":\"m\",\"content\":\"\n\n<p>Dac\\u0103 e\\u015fti o persoan\\u0103 dinamic\\u0103, pozitiv\\u0103 \\u015fi dornic\\u0103 s\\u0103 te dezvol\\u0163i \\u00eempreun\\u0103 cu noi, te a\\u015ftept\\u0103m \\u00een familia noastr\\u0103. Trimite solicitarea, al\\u0103turi de CV, pe <a href=\\\"mailto:office@chemx.ro\\\" target=\\\"_blank\\\" rel=\\\"noopener\\\">office@chemx.ro<\\\/a> sau complet\\u00e2nd formularul de mai jos.<\\\/p>\",\"margin\":\"default\"}}]}]},{\"type\":\"row\",\"props\":{\"width\":\"large\"},\"children\":[{\"type\":\"column\",\"props\":{\"image_position\":\"center-center\",\"position_sticky_breakpoint\":\"m\"},\"children\":[{\"type\":\"headline\",\"props\":{\"animation\":\"slide-top-small\",\"content\":\"Trimite-ne CV-ul <span uk-icon=\\\"icon: file-text\\\"><\\\/span>\",\"link\":\"\\\/cariera\\\/#cariera\",\"margin\":\"small\",\"margin_remove_top\":false,\"title_color\":\"primary\",\"title_element\":\"div\",\"title_style\":\"h6\"}}]}]},{\"type\":\"row\",\"props\":{\"id\":\"cariera\",\"layout\":\"1-3,2-3\",\"margin\":\"default\",\"width\":\"large\"},\"children\":[{\"type\":\"column\",\"props\":{\"image_position\":\"center-center\",\"position_sticky_breakpoint\":\"m\",\"width_medium\":\"1-3\"},\"children\":[{\"type\":\"headline\",\"props\":{\"content\":\"Formular Cariere\",\"title_element\":\"h2\"}}]},{\"type\":\"column\",\"props\":{\"image_position\":\"center-center\",\"position_sticky_breakpoint\":\"m\",\"style\":\"tile-muted\",\"width_medium\":\"2-3\"},\"children\":[{\"type\":\"text\",\"props\":{\"animation\":\"fade\",\"block_align\":\"center\",\"column_breakpoint\":\"m\",\"content\":\"[forminator_form id=\\\"1683\\\"]\",\"margin\":\"\",\"maxwidth\":\"xlarge\",\"maxwidth_breakpoint\":\"m\"}}]}]}]}],\"version\":\"4.0.7\"} --><\/p>","protected":false},"excerpt":{"rendered":"<p>Carier\u0103 Aplica\u021bia ta Al\u0103tur\u0103-te Echipei Dac\u0103 e\u015fti o persoan\u0103 dinamic\u0103, pozitiv\u0103 \u015fi dornic\u0103 s\u0103 te dezvol\u0163i \u00eempreun\u0103 cu noi, te a\u015ftept\u0103m \u00een familia noastr\u0103. Trimite solicitarea, al\u0103turi de CV, pe office@chemx.ro sau complet\u00e2nd formularul de mai jos. Trimite-ne CV-ul Formular Cariere<\/p>","protected":false},"author":1,"featured_media":0,"parent":0,"menu_order":0,"comment_status":"closed","ping_status":"closed","template":"","meta":{"_acf_changed":false,"footnotes":""},"class_list":["post-1577","page","type-page","status-publish","hentry"],"acf":[],"aioseo_notices":[],"_links":{"self":[{"href":"https:\/\/chemx.ro\/en\/wp-json\/wp\/v2\/pages\/1577","targetHints":{"allow":["GET"]}}],"collection":[{"href":"https:\/\/chemx.ro\/en\/wp-json\/wp\/v2\/pages"}],"about":[{"href":"https:\/\/chemx.ro\/en\/wp-json\/wp\/v2\/types\/page"}],"author":[{"embeddable":true,"href":"https:\/\/chemx.ro\/en\/wp-json\/wp\/v2\/users\/1"}],"replies":[{"embeddable":true,"href":"https:\/\/chemx.ro\/en\/wp-json\/wp\/v2\/comments?post=1577"}],"version-history":[{"count":24,"href":"https:\/\/chemx.ro\/en\/wp-json\/wp\/v2\/pages\/1577\/revisions"}],"predecessor-version":[{"id":1684,"href":"https:\/\/chemx.ro\/en\/wp-json\/wp\/v2\/pages\/1577\/revisions\/1684"}],"wp:attachment":[{"href":"https:\/\/chemx.ro\/en\/wp-json\/wp\/v2\/media?parent=1577"}],"curies":[{"name":"wp","href":"https:\/\/api.w.org\/{rel}","templated":true}]}}