{"id":1795,"date":"2023-07-20T10:45:41","date_gmt":"2023-07-20T07:45:41","guid":{"rendered":"https:\/\/chemx.weblikepro.ro\/?page_id=1795"},"modified":"2024-06-27T15:16:04","modified_gmt":"2024-06-27T12:16:04","slug":"misiune","status":"publish","type":"page","link":"https:\/\/chemx.ro\/en\/misiune\/","title":{"rendered":"Mission"},"content":{"rendered":"<h2><a href=\"\/en\/locatie\/#harta\">ChemX <span class=\"uk-text-primary\">Rom\u00e2nia<\/span> <\/a><\/h2>\n<div>The partner that offers complete solutions for the production and marketing of technical fluids for the automotive industry, installations and the super-concentrated complex foliar fertilizer, Aurora.<\/p>\n<p>Our mission is to provide clients a full range of high quality products and services.<\/p><\/div>\n<h3><a href=\"\/en\/despre-noi\/\">HISTORY<\/a><\/h3>\n<h3><a href=\"\/en\/misiune\/\">MISSION<\/a><\/h3>\n<h3><a href=\"\/en\/principiile-companiei\/\">PRINCIPLES OF THE COMPANY<\/a><\/h3>\n<div><span class=\"uk-text-primary\">Mission<\/span><\/div>\n<div>Our mission is to support businesses by providing them with high-quality, customizable solutions that exceed their expectations. We strive to be a trusted partner, providing exceptional products and services that enable our customers to succeed in their markets. Through innovation, collaboration and commitment to sustainability, we aim to create value for our customers, employees and the environment. We are dedicated to delivering excellence in every aspect of our business while building long-term relationships based on integrity, reliability and mutual success.<\/div>\n<p><!--more--><br \/>\n<!-- {\"type\":\"layout\",\"children\":[{\"name\":\"Hero\",\"type\":\"section\",\"props\":{\"animation_delay\":false,\"height\":\"viewport\",\"height_offset_top\":true,\"height_viewport\":80,\"image\":\"wp-content\\\/uploads\\\/2024\\\/06\\\/01.webp\",\"image_fixed\":false,\"image_loading\":true,\"image_position\":\"center-center\",\"image_size\":\"cover\",\"media_overlay\":\"rgba(255, 255, 255, 0.41)\",\"padding\":\"xsmall\",\"padding_remove_bottom\":false,\"padding_remove_top\":false,\"style\":\"default\",\"title_breakpoint\":\"xl\",\"title_position\":\"top-left\",\"title_rotation\":\"left\",\"vertical_align\":\"middle\",\"width\":\"default\"},\"children\":[{\"type\":\"row\",\"children\":[{\"type\":\"column\",\"props\":{\"image_position\":\"center-center\",\"position_sticky_breakpoint\":\"m\",\"width_medium\":\"1-3\"}},{\"type\":\"column\",\"props\":{\"image_position\":\"center-center\",\"position_sticky_breakpoint\":\"m\",\"style\":\"card-default\",\"vertical_align\":\"middle\",\"width_medium\":\"2-3\"},\"children\":[{\"type\":\"headline\",\"props\":{\"content\":\"ChemX <span class=\\\"uk-text-primary\\\">Rom\\u00e2nia<\\\/span> \",\"link\":\"locatie\\\/#harta\",\"text_align\":\"left\",\"title_decoration\":\"divider\",\"title_element\":\"h2\",\"title_style\":\"h1\"}},{\"type\":\"text\",\"props\":{\"block_align\":\"center\",\"column_breakpoint\":\"m\",\"content\":\"Partenerul care v\\u0103 ofer\\u0103 solu\\u021bii complete privind produc\\u021bia \\u0219i comercializarea de fluide tehnice pentru industria auto, a instala\\u021biilor \\u0219i \\u00eengr\\u0103\\u0219\\u0103m\\u00e2ntul foliar complex superconcentrat, Aurora.\\n\\nObiectivul nostru este acela de a v\\u0103 oferi o gam\\u0103 complet\\u0103 de produse \\u0219i servicii de o calitate superioar\\u0103.\",\"margin\":\"default\",\"text_style\":\"lead\"}}]}],\"props\":{\"layout\":\"1-3,2-3\",\"padding_remove_horizontal\":false}}]},{\"type\":\"section\",\"props\":{\"animation\":\"fade\",\"animation_delay\":\"200\",\"image\":\"wp-content\\\/uploads\\\/home-hero-bg.svg\",\"image_position\":\"center-center\",\"image_size\":\"cover\",\"preserve_color\":false,\"style\":\"default\",\"text_color\":\"dark\",\"title_breakpoint\":\"xl\",\"title_position\":\"top-left\",\"title_rotation\":\"left\",\"vertical_align\":\"\",\"width\":\"default\"},\"children\":[{\"type\":\"row\",\"children\":[{\"type\":\"column\",\"props\":{\"image_position\":\"center-center\",\"position_sticky_breakpoint\":\"m\",\"width_medium\":\"1-3\"},\"children\":[{\"type\":\"headline\",\"props\":{\"content\":\"ISTORIC\",\"link\":\"\\\/despre-noi\",\"margin\":\"small\",\"margin_remove_bottom\":false,\"title_element\":\"h3\"}},{\"type\":\"headline\",\"props\":{\"content\":\"MISIUNE\",\"link\":\"misiune\\\/\",\"margin\":\"small\",\"margin_remove_bottom\":false,\"margin_remove_top\":false,\"title_element\":\"h3\"}},{\"type\":\"headline\",\"props\":{\"content\":\"PRINCIPIILE COMPANIEI\",\"link\":\"principiile-companiei\\\/\",\"margin\":\"small\",\"margin_remove_top\":false,\"title_element\":\"h3\"}}]},{\"type\":\"column\",\"props\":{\"image_position\":\"center-center\",\"position_sticky_breakpoint\":\"m\",\"width_medium\":\"2-3\"},\"children\":[{\"type\":\"headline\",\"props\":{\"content\":\"<span class=\\\"uk-text-primary\\\">Misiune<\\\/span>\",\"maxwidth\":\"2xlarge\",\"position\":\"relative\",\"position_z_index\":\"1\",\"title_decoration\":\"line\",\"title_element\":\"div\",\"title_style\":\"h1\"}},{\"type\":\"text\",\"props\":{\"column_breakpoint\":\"m\",\"content\":\"Misiunea noastr\\u0103 este s\\u0103 sprijinim afacerile oferindu-le solu\\u021bii de \\u00eenalt\\u0103 calitate \\u0219i personalizabile, care s\\u0103 dep\\u0103\\u0219easc\\u0103 a\\u0219tept\\u0103rile lor. Ne str\\u0103duim s\\u0103 fim un partener de \\u00eencredere, oferind produse \\u0219i servicii excep\\u021bionale care s\\u0103 permit\\u0103 clien\\u021bilor no\\u0219tri s\\u0103 reu\\u0219easc\\u0103 \\u00een pie\\u021bele lor. Prin inova\\u021bie, colaborare \\u0219i angajament fa\\u021b\\u0103 de sustenabilitate, ne propunem s\\u0103 cre\\u0103m valoare pentru clien\\u021bii no\\u0219tri, angaja\\u021bi \\u0219i mediul \\u00eenconjur\\u0103tor. Suntem dedica\\u021bi s\\u0103 oferim excelen\\u021b\\u0103 \\u00een fiecare aspect al activit\\u0103\\u021bii noastre, \\u00een timp ce construim rela\\u021bii pe termen lung bazate pe integritate, fiabilitate \\u0219i succes reciproc.\",\"margin\":\"default\"}}]}],\"props\":{\"column_gap\":\"small\",\"divider\":false,\"layout\":\"1-3,2-3\",\"row_gap\":\"small\"}}]}],\"version\":\"4.4.4\"} --><\/p>","protected":false},"excerpt":{"rendered":"<p>ChemX Rom\u00e2nia Partenerul care v\u0103 ofer\u0103 solu\u021bii complete privind produc\u021bia \u0219i comercializarea de fluide tehnice pentru industria auto, a instala\u021biilor \u0219i \u00eengr\u0103\u0219\u0103m\u00e2ntul foliar complex superconcentrat, Aurora. Obiectivul nostru este acela de a v\u0103 oferi o gam\u0103 complet\u0103 de produse \u0219i servicii de o calitate superioar\u0103. ISTORIC MISIUNE PRINCIPIILE COMPANIEI Misiune Misiunea noastr\u0103 este s\u0103 sprijinim [&hellip;]<\/p>","protected":false},"author":1,"featured_media":0,"parent":0,"menu_order":0,"comment_status":"closed","ping_status":"closed","template":"","meta":{"_acf_changed":false,"footnotes":""},"class_list":["post-1795","page","type-page","status-publish","hentry"],"acf":[],"aioseo_notices":[],"_links":{"self":[{"href":"https:\/\/chemx.ro\/en\/wp-json\/wp\/v2\/pages\/1795","targetHints":{"allow":["GET"]}}],"collection":[{"href":"https:\/\/chemx.ro\/en\/wp-json\/wp\/v2\/pages"}],"about":[{"href":"https:\/\/chemx.ro\/en\/wp-json\/wp\/v2\/types\/page"}],"author":[{"embeddable":true,"href":"https:\/\/chemx.ro\/en\/wp-json\/wp\/v2\/users\/1"}],"replies":[{"embeddable":true,"href":"https:\/\/chemx.ro\/en\/wp-json\/wp\/v2\/comments?post=1795"}],"version-history":[{"count":6,"href":"https:\/\/chemx.ro\/en\/wp-json\/wp\/v2\/pages\/1795\/revisions"}],"predecessor-version":[{"id":1968,"href":"https:\/\/chemx.ro\/en\/wp-json\/wp\/v2\/pages\/1795\/revisions\/1968"}],"wp:attachment":[{"href":"https:\/\/chemx.ro\/en\/wp-json\/wp\/v2\/media?parent=1795"}],"curies":[{"name":"wp","href":"https:\/\/api.w.org\/{rel}","templated":true}]}}