{"id":23,"date":"2019-09-02T07:23:47","date_gmt":"2019-09-02T04:23:47","guid":{"rendered":"https:\/\/amari.weblikepro.ro\/?p=23"},"modified":"2023-06-12T09:11:46","modified_gmt":"2023-06-12T06:11:46","slug":"politica-cookie","status":"publish","type":"page","link":"https:\/\/chemx.ro\/en\/politica-cookie\/","title":{"rendered":"Cookie policy"},"content":{"rendered":"<h1>Cookie policy<\/h1>\n<div>\n<h3>1. Introduction<\/h3>\n<p>This Cookie Policy applies to all users of the CHEMX LPE S.R.L. website. The information set forth below is intended to inform users of this website of the placement, use and administration of cookies by CHEMX LPE S.R.L. in the context of users browsing this website.<\/p>\n<h3>2. What are cookies?<\/h3>\n<p>We use the term \"cookies\" to refer to cookies and similar technologies through which information can be collected automatically.\nAn \"Internet Cookie\" (also known as a \"browser cookie\" or \"HTTP cookie\" or \"cookie\") is a small file, consisting of letters and numbers, that will be stored on your computer, mobile terminal or other equipment of a user through which the Internet is accessed.<\/p>\n<p>Cookies are installed at the request of a web server to a browser (eg Internet Explorer, Firefox, Chrome). Once installed, cookies have a determined lifespan, remaining \"passive\", in the sense that they do not contain software, viruses or spyware and will not access the information on the hard driver of the user on whose equipment they were installed.<\/p>\n<p>A cookie consists of two parts:\nthe name of the cookie; and\nthe content or value of the cookie.<\/p>\n<p>From a technical point of view, only the web server that sent the cookie can access it again when a user returns to the web page associated with that web server.<\/p>\n<h3>3. For what purposes are cookies used through this website:<\/h3>\n<p>Cookies are used to provide users of this website with a better browsing experience and services tailored to the needs and interests of each individual, namely to:<\/p>\n<ul>\n<li>improving the use of this website, including by identifying any errors that occur during its visit \/ use by users;\nproviding anonymous statistics on how this website is used to CHEMX LPE S.R.L., as the owner of this website;\nanticipation of any goods that will be made available to users in the future through this website, depending on the services \/ products accessed.<\/li>\n<li>providing anonymous statistics on how this website is used to CHEMX LPE S.R.L., as the owner of this website;<\/li>\n<li>the anticipation of possible goods that will be made available to users through this website in the future, depending on the services \/ products accessed.<\/li>\n<\/ul>\n<p>Based on the feedback sent through cookies in relation to how this website is used, CHEMX LPE S.R.L. may adopt measures to make this website more efficient and accessible to users. Thus, the use of cookies allows the memorization of certain settings\/preferences established by the users of this website, such as:<\/p>\n<ul>\n<li>the language in which a web page is viewed;<\/li>\n<li>the currency in which certain prices or rates are expressed;<\/li>\n<li>facilitating access to users' accounts;<\/li>\n<li>posting comments on the site.<\/li>\n<\/ul>\n<h3>4. What is the lifetime of cookies?<\/h3>\n<p>The lifetime of cookies can vary significantly, depending on the purpose for which it is placed. There are the following categories of cookies that also determine their lifespan:<\/p>\n<ul>\n<li>Session cookies - A \"session cookie\" is a cookie that is automatically deleted when the user closes their browser.<\/li>\n<li>Persistent or fixed cookies - A \"persistent\" or \"fixed\" cookie is a cookie that remains stored in the user's terminal until it reaches a certain expiration date (which may be in a few minutes, days or several years in the future) or until when deleted by the user at any time via browser settings.<\/li>\n<\/ul>\n<h3>5. What are cookies placed by third parties?<\/h3>\n<p>Certain sections of content on the website may be provided through third parties, ie not by CHEMX LPE S.R.L., in which case these cookies are called third party cookies.\nThird party cookie providers must also comply with the data protection rules and the Privacy Policy available on this website.\nThese cookies may come from the following third parties: Google Analytics, Facebook.<\/p>\n<h3>6. What cookies are used through this website:<\/h3>\n<p>By using \/ visiting the website, the following cookies can be placed:<\/p>\n<p>a. Website performance cookies; <br \/>b. User analysis cookies; <br \/>c. Geotargetting cookies; <br \/>d. Registration cookies; <br \/>e. Cookies for advertising; <br \/>f. Cookies of advertising providers;<\/p>\n<h5>a. Performance cookies<\/h5>\n<p>This type of cookie stores the user's preferences for this website, so resetting the preferences when you visit the website is no longer necessary.<\/p>\n<h5>b. User analysis cookies<\/h5>\n<p>These cookies inform us if a certain user of the website has visited \/ used this website before. These cookies are used for statistical purposes only.<\/p>\n<h5>c. Geotargetting cookies<\/h5>\n<p>These cookies are used by a software that determines the country of origin of the user of the website. The same ads will be received regardless of the language selected.<\/p>\n<h5>d. Cookies for registration<\/h5>\n<p>When you register on this site, cookies are generated that store this process. The servers use these cookies to show us the account with which you are registered. Also, the use of these cookies allows us to associate any comment posted on the website with the username of the account used. If the \"keep me logged in\" option is not selected, these cookies will be automatically deleted at the end of the browsing session.<\/p>\n<h5>e. Cookies for advertising<\/h5>\n<p>These cookies allow us to find out when a user views an online advertisement, its type and the time elapsed from the moment of viewing the respective advertising message. As such, such cookies are used to target online advertising. These cookies are anonymous, storing information about the content viewed, not about users.<\/p>\n<h3>7. What type of information is stored and accessed through cookies?<\/h3>\n<p>Cookies store information in a small text file that allows browser recognition. This website recognizes the browser until cookies expire or are deleted.<\/p>\n<h3>8. Customize your browser settings for cookies<\/h3>\n<p>If the use of cookies is not annoying and the computer or technical equipment used to browse this website is used only by you, long expiration dates may be set for storing your browsing history.\nIf the computer or technical equipment used to browse this website is used by more than one person, the setting for deleting individual browsing data each time the browser is closed may be considered.<\/p>\n<h3>9. How can cookies be stopped?<\/h3>\n<p>Disabling and refusing to receive cookies can make this website difficult to visit, leading to limitations in its use.\nUsers can configure their browser to reject cookies or to accept cookies from a specific website.<\/p>\n<p>All modern browsers offer the ability to change cookie settings. These settings can be accessed, as a rule, in the \"options\" section or in the \"preferences\" menu of your browser.\nHowever, refusing or disabling cookies does not mean that you will no longer receive online advertising - but only that it will not be adapted to your preferences and interests, highlighted by your browsing behavior.<\/p>\n<p>To understand these settings, the following links may be helpful:<\/p>\n<ul>\n<li><span><a href=\"https:\/\/support.microsoft.com\/en-us\/help\/17442\/windows-internet-explorer-delete-manage-cookies\" target=\"_blank\" rel=\"noopener\"><span tahoma=\"\" sans-serif=\"\">Cookie settings in Internet Explorer<\/span><\/a><\/span><\/li>\n<li><span><a href=\"https:\/\/support.mozilla.org\/en-US\/kb\/enable-and-disable-cookies-website-preferences\" target=\"_blank\" rel=\"noopener\"><span tahoma=\"\" sans-serif=\"\">Cookie settings in Firefox<\/span><\/a><\/span><\/li>\n<li><span><a href=\"https:\/\/support.google.com\/chrome\/answer\/95647\" target=\"_blank\" rel=\"noopener\"><span tahoma=\"\" sans-serif=\"\">Cookie settings in Chrome<\/span><\/a><\/span><\/li>\n<li><span><a href=\"https:\/\/support.apple.com\/kb\/ph21411\" target=\"_blank\" rel=\"noopener\"><span tahoma=\"\" sans-serif=\"\">Cookie settings in Safari<\/span><\/a><\/span><\/li>\n<\/ul>\n<p class=\"translation-block\">For any additional questions regarding how cookies are used through this website, please contact: <a href=\"mailto:office@chemx.ro\" target=\"_blank\" rel=\"noopener\">office@chemx.ro<\/a>.<\/p>\n<\/div>\n<p><!--more--><br \/>\n<!-- {\"type\":\"layout\",\"children\":[{\"type\":\"section\",\"props\":{\"image_position\":\"center-center\",\"padding\":\"small\",\"style\":\"muted\",\"title_breakpoint\":\"xl\",\"title_position\":\"top-left\",\"title_rotation\":\"left\",\"vertical_align\":\"middle\",\"width\":\"default\"},\"children\":[{\"type\":\"row\",\"children\":[{\"type\":\"column\",\"props\":{\"image_position\":\"center-center\",\"position_sticky_breakpoint\":\"m\"},\"children\":[{\"type\":\"headline\",\"props\":{\"content\":\"Politica cookie\",\"text_align\":\"center\",\"title_decoration\":\"bullet\",\"title_element\":\"h1\",\"title_font_family\":\"primary\",\"title_style\":\"h1\"}}]}]}]},{\"type\":\"section\",\"props\":{\"animation\":\"slide-bottom-medium\",\"animation_delay\":\"200\",\"image_position\":\"center-center\",\"style\":\"default\",\"title_breakpoint\":\"xl\",\"title_position\":\"top-left\",\"title_rotation\":\"left\",\"vertical_align\":\"middle\",\"width\":\"default\"},\"children\":[{\"type\":\"row\",\"children\":[{\"type\":\"column\",\"props\":{\"image_position\":\"center-center\",\"position_sticky_breakpoint\":\"m\"},\"children\":[{\"type\":\"text\",\"props\":{\"column\":\"1-2\",\"column_breakpoint\":\"m\",\"content\":\"\n\n<h3>1. Introducere<\\\/h3>\\n\n\n<p>Prezenta Politic\\u0103 privind fi\\u0219ierele cookies se aplic\\u0103 tuturor utilizatorilor paginii de internet CHEMX LPE S.R.L.. Informa\\u021biile prezentate \\u00een continuare au ca scop informarea utilizatorilor acestei pagini de internet cu privire la plasarea, utilizarea \\u0219i administrarea cookie-urilor de c\\u0103tre CHEMX LPE S.R.L. \\u00een contextul navig\\u0103rii utilizatorilor pe aceast\\u0103 pagin\\u0103 de internet.<\\\/p>\\n\n\n<h3>2. Ce sunt cookie-urile?<\\\/h3>\\n\n\n<p>Folosim termenul \\u201ecookie\\u201d-uri pentru a ne referi la modulele cookie \\u0219i la tehnologiile similare prin intermediul c\\u0103rora pot fi colectate informa\\u021bii \\u00een mod automat. Un \\u201eInternet Cookie\\u201d (termen cunoscut \\u0219i sub denumirea de \\u201ebrowser cookie\\u201d sau \\u201eHTTP cookie\\u201d ori \\u201ecookie\\u201d) reprezint\\u0103 un fi\\u0219ier de mici dimensiuni, format din litere \\u0219i numere, care va fi stocat pe computerul, terminalul mobil sau pe alte echipamente ale unui utilizator prin intermediul c\\u0103rora se acceseaz\\u0103 internetul.<\\\/p>\\n\n\n<p>Cookie-urile sunt instalate prin solicitarea emis\\u0103 de un web-server c\\u0103tre un browser (de ex.: Internet Explorer, Firefox, Chrome). Cookie-urile odat\\u0103 instalate au o durat\\u0103 de existen\\u021b\\u0103 determinat\\u0103, r\\u0103m\\u00e2n\\u00e2nd \\u201epasive\\u201d, \\u00een sensul c\\u0103 nu con\\u021bin programe software, viru\\u0219i sau spyware \\u0219i nu vor accesa informa\\u021biile de pe hard driverul utilizatorului pe al c\\u0103rui echipament au fost instalate.<\\\/p>\\n\n\n<p>Un cookie este format din dou\\u0103 p\\u0103r\\u021bi: numele cookie-ului \\u0219i con\\u021binutul sau valoarea cookie-ului.<\\\/p>\\n\n\n<p>Din punct de vedere tehnic, doar web-serverul care a trimis cookie-ul \\u00eel poate accesa din nou \\u00een momentul \\u00een care un utilizator se \\u00eentoarce pe pagina de internet asociat\\u0103 web-serverului respectiv.<\\\/p>\\n\n\n<h3>3. Pentru ce scopuri sunt utilizate cookie-urile prin intermediul acestei pagini de internet:<\\\/h3>\\n\n\n<p>Cookie-urile sunt utilizate pentru a furniza utilizatorilor acestei pagini de internet o experien\\u021b\\u0103 mai bun\\u0103 de navigare \\u0219i servicii adaptate nevoilor \\u0219i interesului fiec\\u0103rui utilizator \\u00een parte \\u0219i anume pentru:<\\\/p>\\n\n\n<ul>\\n\n\n<li>\\u00eembun\\u0103t\\u0103\\u021birea utiliz\\u0103rii acestei pagini de internet, inclusiv prin identificarea oric\\u0103ror erori care apar \\u00een timpul vizit\\u0103rii\\\/utiliz\\u0103rii acesteia de c\\u0103tre utilizatori;<\\\/li>\\n\n\n<li>furnizarea de statistici anonime cu privire la modul \\u00een care este utilizat\\u0103 aceast\\u0103 pagin\\u0103 de internet c\\u0103tre CHEMX LPE S.R.L., \\u00een calitate de de\\u021bin\\u0103tor al acestei pagini de internet;<\\\/li>\\n\n\n<li>anticiparea unor eventuale bunuri care vor fi \\u00een viitor puse la dispozi\\u021bia utilizatorilor prin intermediul acestei pagini de internet, \\u00een func\\u021bie de serviciile \\\/ produsele accesate.<\\\/li>\\n<\\\/ul>\\n\n\n<p>Pe baza feedback-ului transmis prin cookie-uri \\u00een leg\\u0103tur\\u0103 cu modul \\u00een care se utilizeaz\\u0103 aceast\\u0103 pagin\\u0103 de internet, CHEMX LPE S.R.L. poate adopta m\\u0103suri pentru ca aceast\\u0103 pagin\\u0103 de internet s\\u0103 fie mai eficient\\u0103 \\u0219i mai accesibil\\u0103 pentru utilizatori. Astfel, utilizarea cookie-urilor permite memorarea anumitor set\\u0103ri\\\/preferin\\u021be stabilite de c\\u0103tre utilizatorii acestei pagini de internet, precum:<\\\/p>\\n\n\n<ul>\\n\n\n<li>limba \\u00een care este vizualizat\\u0103 o pagin\\u0103 de internet;<\\\/li>\\n\n\n<li>moneda \\u00een care se exprim\\u0103 anumite pre\\u021buri sau tarife;<\\\/li>\\n\n\n<li>facilitarea accesului \\u00een contul utilizatorilor;<\\\/li>\\n\n\n<li>postarea comentariilor pe site.<\\\/li>\\n<\\\/ul>\\n\n\n<h3>4. Care este durata de via\\u021b\\u0103 a cookie-urilor?<\\\/h3>\\n\n\n<p>Durata de via\\u021b\\u0103 a cookie-urilor poate varia semnificativ, depinz\\u00e2nd de scopul pentru care este plasat. Exist\\u0103 urm\\u0103toarele categorii de cookie-uri care determin\\u0103 \\u0219i durata de via\\u021b\\u0103 a acestora:<\\\/p>\\n\n\n<ul>\\n\n\n<li>Cookie-uri de sesiune \\u2013 Un \\u201ecookie de sesiune\\u201d este un cookie care este \\u0219ters automat c\\u00e2nd utilizatorul \\u00ee\\u0219i \\u00eenchide browserul.<\\\/li>\\n\n\n<li>Cookie-uri persistente sau fixe \\u2013 Un \\u201ecookie persistent\\u201d sau \\u201efix\\u201d este un cookie care r\\u0103m\\u00e2ne stocat \\u00een terminalul utilizatorului p\\u00e2n\\u0103 c\\u00e2nd atinge o anumit\\u0103 dat\\u0103 de expirare (care poate fi \\u00een c\\u00e2teva minute, zile sau c\\u00e2\\u021biva ani \\u00een viitor) sau p\\u00e2n\\u0103 la \\u0219tegerea acestuia de c\\u0103tre utilizator \\u00een orice moment prin intermediul set\\u0103rilor browserului.<\\\/li>\\n<\\\/ul>\\n\n\n<h3>5. Ce sunt cookie-urile plasate de ter\\u021bi?<\\\/h3>\\n\n\n<p>Anumite sec\\u021biuni de con\\u021binut de pe pagina de internet pot fi furnizate prin intermediul unor ter\\u021bi, adic\\u0103 nu de c\\u0103tre CHEMX LPE S.R.L., caz \\u00een care aceste cookie-uri sunt denumite cookie-uri plasate de ter\\u021bi (\\u201ethird party cookie-uri\\u201d). Ter\\u021bii furnizori ai cookie-urilor trebuie s\\u0103 respecte, de asemenea, regulile \\u00een materie de protec\\u021bie a datelor \\u0219i Politica de confiden\\u021bialitate disponibil\\u0103 pe aceast\\u0103 pagin\\u0103 de internet. Aceste cookie-uri pot proveni de la urmatorii ter\\u021bi: Google Analytics, Facebook.<\\\/p>\\n\n\n<h3>6. Ce cookie-uri sunt folosite prin intermediul acestei pagini de internet:<\\\/h3>\\n\n\n<p>Prin utilizarea\\\/vizitarea paginii de internet pot fi plasate urm\\u0103toarele cookie-uri:<\\\/p>\\n\n\n<p><br \\\/>a. Cookie-uri de performan\\u021b\\u0103 a paginii de internet; <br \\\/>b. Cookie-uri de analiz\\u0103 a utilizatorilor; <br \\\/>c. Cookie-uri pentru geotargetting; <br \\\/>d. Cookie-uri de \\u00eenregistrare; <br \\\/>e. Cookie-uri pentru publicitate; <br \\\/>f. Cookie-uri ale furnizorilor de publicitate;<\\\/p>\\n\n\n<h5>a. Cookie-uri de performan\\u021b\\u0103<\\\/h5>\\n\n\n<p>Prin acest tip de cookie-uri sunt memorate preferin\\u021bele utilizatorului acestei pagini de internet, astfel \\u00eenc\\u00e2t setarea din nou a preferin\\u021belor \\u00een cazul vizit\\u0103rii ulterioare a paginii de internet nu mai este necesar\\u0103.<\\\/p>\\n\n\n<h5>b. Cookie-uri de analiz\\u0103 a utilizatorilor<\\\/h5>\\n\n\n<p>ceste cookie-uri ne informeaz\\u0103 dac\\u0103 un anumit utilizator al paginii de internet a mai vizitat\\\/utilizat aceast\\u0103 pagin\\u0103 de internet anterior. Aceste cookie-uri sunt utilizate doar \\u00een scopuri statistice.<\\\/p>\\n\n\n<h5>c. Cookie-uri pentru geotargetting<\\\/h5>\\n\n\n<p>Aceste cookie-uri sunt utilizate de c\\u0103tre un soft care stabile\\u0219te \\u021bara de provenien\\u021b\\u0103 a utilizatorului paginii de internet. Vor fi primite acelea\\u0219i reclame indiferent de limba selectat\\u0103.<\\\/p>\\n\n\n<h5>d. Cookie-uri pentru \\u00eenregistrare<\\\/h5>\\n\n\n<p>Atunci c\\u00e2nd v\\u0103 \\u00eenregistra\\u021bi pe acest site, se genereaz\\u0103 cookie-uri care memoreaz\\u0103 acest demers. Serverele utilizeaz\\u0103 aceste cookie-uri pentru a ne ar\\u0103ta contul cu care sunte\\u021bi \\u00eenregistrat. De asemenea, utilizarea acestor cookie-uri permite s\\u0103 asociem orice comentariu postat pe pagina de internet cu username-ul contului folosit. \\u00cen cazul \\u00een care nu a fost selectat\\u0103 op\\u021biunea \\u201ep\\u0103streaz\\u0103-m\\u0103 \\u00eenregistrat\\u201d, aceste cookie-uri se vor \\u0219terge automat la momentul termin\\u0103rii sesiunii de navigare.<\\\/p>\\n\n\n<h5>e. Cookie-uri pentru publicitate<\\\/h5>\\n\n\n<p>Aceste cookie-uri permit aflarea vizualiz\\u0103rii de c\\u0103tre un utilizator a unei reclame online, tipul acesteia \\u0219i timpul scurs de la momentul vizualiz\\u0103rii respectviului mesaj publicitar. Ca atare, astfel de cookie-uri sunt folosite pentru targetarea publicit\\u0103\\u021bii online. Aceste cookie-uri sunt anonime, stoc\\u00e2nd informa\\u021bii despre contentul vizualizat, nu \\u0219i despre utilizatori.<\\\/p>\\n\n\n<h3>7. Ce tip de informa\\u021bii sunt stocate \\u0219i accesate prin intermediul cookie-urilor?<\\\/h3>\\n\n\n<p>Cookie-urile p\\u0103streaz\\u0103 informa\\u021bii \\u00eentr-un fi\\u0219ier text de mici dimensiuni care permit recunoa\\u0219terea browserului. Aceast\\u0103 pagin\\u0103 de internet recunoa\\u0219te browserul p\\u00e2n\\u0103 c\\u00e2nd cookie-urile expir\\u0103 sau sunt \\u0219terse.<\\\/p>\\n\n\n<h3>8. Particularizarea set\\u0103rile browserului \\u00een ceea ce prive\\u0219te cookie-urile<\\\/h3>\\n\n\n<p>\\u00cen cazul \\u00een care utilizarea cookie-urilor nu este deranjant\\u0103 iar calculatorul sau echipamentul tehnic utilizat pentru navigarea pe aceast\\u0103 pagin\\u0103 de internet este folosit doar de c\\u0103tre dumneavoastr\\u0103, pot fi setate termene lungi de expirare pentru stocrarea istoricului de navigare. \\u00cen cazul \\u00een care calculatorul sau echipamentul tehnic utilizat pentru navigarea pe aceast\\u0103 pagin\\u0103 de internet este folosit de mai multe persoane, poate fi luat\\u0103 \\u00een considerare setarea pentru \\u0219tergerea datelor individuale de navigare de fiecare dat\\u0103 c\\u00e2nd browserul este \\u00eenchis.<\\\/p>\\n\n\n<h3>9. Cum pot fi oprite cookie-urile?<\\\/h3>\\n\n\n<p>Dezactivarea \\u0219i refuzul de a primi cookie-uri pot face aceast\\u0103 pagin\\u0103 de internet dificil de vizitat, atr\\u0103g\\u00e2nd dup\\u0103 sine limit\\u0103ri ale posibilit\\u0103\\u021bilor de utilizare ale acesteia. Utilizatorii \\u00ee\\u0219i pot configura browserul s\\u0103 resping\\u0103 fi\\u0219ierele cookie sau s\\u0103 fie acceptate cookie-uri de la o pagin\\u0103 de internet anume.<\\\/p>\\n\n\n<p>Toate browserele moderne ofer\\u0103 posibilitatea de a schimba set\\u0103rile cookie-urilor. Aceste set\\u0103ri pot fi accesate, ca regul\\u0103, \\u00een sec\\u021biunea \\u201eop\\u021biuni\\u201d sau \\u00een meniul de \\u201epreferin\\u021be\\u201d al browserului t\\u0103u. Totu\\u0219i, refuzarea sau dezactivarea cookie-urilor nu \\u00eenseamn\\u0103 c\\u0103 nu ve\\u021bi mai primi publicitate online \\u2013 ci doar ca aceasta nu va fi adaptat\\u0103 preferin\\u021belor \\u0219i interesele dumneavoastr\\u0103, eviden\\u021biate prin comportamentul de navigare.<\\\/p>\\n\n\n<p>Pentru a \\u00een\\u021belege aceste set\\u0103ri, urm\\u0103toarele linkuri pot fi folositoare:<\\\/p>\\n\n\n<ul>\\n\n\n<li><span><a href=\\\"https:\\\/\\\/support.microsoft.com\\\/en-us\\\/help\\\/17442\\\/windows-internet-explorer-delete-manage-cookies\\\" target=\\\"_blank\\\" rel=\\\"noopener\\\"><span tahoma=\\\"\\\" sans-serif=\\\"\\\">Cookie settings in Internet Explorer<\\\/span><\\\/a><\\\/span><\\\/li>\\n\n\n<li><span><a href=\\\"https:\\\/\\\/support.mozilla.org\\\/en-US\\\/kb\\\/enable-and-disable-cookies-website-preferences\\\" target=\\\"_blank\\\" rel=\\\"noopener\\\"><span tahoma=\\\"\\\" sans-serif=\\\"\\\">Cookie settings in Firefox<\\\/span><\\\/a><\\\/span><\\\/li>\\n\n\n<li><span><a href=\\\"https:\\\/\\\/support.google.com\\\/chrome\\\/answer\\\/95647\\\" target=\\\"_blank\\\" rel=\\\"noopener\\\"><span tahoma=\\\"\\\" sans-serif=\\\"\\\">Cookie settings in Chrome<\\\/span><\\\/a><\\\/span><\\\/li>\\n\n\n<li><span><a href=\\\"https:\\\/\\\/support.apple.com\\\/kb\\\/ph21411\\\" target=\\\"_blank\\\" rel=\\\"noopener\\\"><span tahoma=\\\"\\\" sans-serif=\\\"\\\">Cookie settings in Safari<\\\/span><\\\/a><\\\/span><\\\/li>\\n<\\\/ul>\\n\n\n<p>Pentru orice \\u00eentreb\\u0103ri suplimentare cu privire la modul \\u00een sunt utilizate cookie-urile prin intermediul acestei pagini de internet, v\\u0103 rug\\u0103m s\\u0103 v\\u0103 adresa\\u021bi la: <a href=\\\"mailto:office@chemx.ro\\\" target=\\\"_blank\\\" rel=\\\"noopener\\\">office@chemx.ro<\\\/a>.<\\\/p>\",\"margin\":\"medium\"}}]}]}]}],\"version\":\"4.0.5\"} --><\/p>","protected":false},"excerpt":{"rendered":"<p>Politica cookie 1. Introducere Prezenta Politic\u0103 privind fi\u0219ierele cookies se aplic\u0103 tuturor utilizatorilor paginii de internet CHEMX LPE S.R.L.. Informa\u021biile prezentate \u00een continuare au ca scop informarea utilizatorilor acestei pagini de internet cu privire la plasarea, utilizarea \u0219i administrarea cookie-urilor de c\u0103tre CHEMX LPE S.R.L. \u00een contextul navig\u0103rii utilizatorilor pe aceast\u0103 pagin\u0103 de internet. 2. [&hellip;]<\/p>","protected":false},"author":1,"featured_media":0,"parent":0,"menu_order":3,"comment_status":"open","ping_status":"closed","template":"","meta":{"_acf_changed":false,"footnotes":""},"class_list":["post-23","page","type-page","status-publish","hentry"],"acf":[],"aioseo_notices":[],"_links":{"self":[{"href":"https:\/\/chemx.ro\/en\/wp-json\/wp\/v2\/pages\/23","targetHints":{"allow":["GET"]}}],"collection":[{"href":"https:\/\/chemx.ro\/en\/wp-json\/wp\/v2\/pages"}],"about":[{"href":"https:\/\/chemx.ro\/en\/wp-json\/wp\/v2\/types\/page"}],"author":[{"embeddable":true,"href":"https:\/\/chemx.ro\/en\/wp-json\/wp\/v2\/users\/1"}],"replies":[{"embeddable":true,"href":"https:\/\/chemx.ro\/en\/wp-json\/wp\/v2\/comments?post=23"}],"version-history":[{"count":20,"href":"https:\/\/chemx.ro\/en\/wp-json\/wp\/v2\/pages\/23\/revisions"}],"predecessor-version":[{"id":1567,"href":"https:\/\/chemx.ro\/en\/wp-json\/wp\/v2\/pages\/23\/revisions\/1567"}],"wp:attachment":[{"href":"https:\/\/chemx.ro\/en\/wp-json\/wp\/v2\/media?parent=23"}],"curies":[{"name":"wp","href":"https:\/\/api.w.org\/{rel}","templated":true}]}}